{"id":165,"date":"2024-05-15T16:51:15","date_gmt":"2024-05-15T14:51:15","guid":{"rendered":"https:\/\/ahc-plomberie.fr\/?page_id=165"},"modified":"2024-05-15T16:52:05","modified_gmt":"2024-05-15T14:52:05","slug":"mentions-legales","status":"publish","type":"page","link":"https:\/\/ahc-plomberie.fr\/index.php\/mentions-legales\/","title":{"rendered":"Mentions l\u00e9gales"},"content":{"rendered":"\t\t<div data-elementor-type=\"wp-page\" data-elementor-id=\"165\" class=\"elementor elementor-165\">\n\t\t\t\t<div class=\"elementor-element elementor-element-0aab52b e-flex e-con-boxed e-con e-parent\" data-id=\"0aab52b\" data-element_type=\"container\">\n\t\t\t\t\t<div class=\"e-con-inner\">\n\t\t\t\t<div class=\"elementor-element elementor-element-64986fe elementor-widget elementor-widget-heading\" data-id=\"64986fe\" data-element_type=\"widget\" data-widget_type=\"heading.default\">\n\t\t\t\t<div class=\"elementor-widget-container\">\n\t\t\t\t\t<h2 class=\"elementor-heading-title elementor-size-default\">Mentions l\u00e9gales<\/h2>\t\t\t\t<\/div>\n\t\t\t\t<\/div>\n\t\t\t\t\t<\/div>\n\t\t\t\t<\/div>\n\t\t<div class=\"elementor-element elementor-element-62b5e80 e-flex e-con-boxed e-con e-parent\" data-id=\"62b5e80\" data-element_type=\"container\">\n\t\t\t\t\t<div class=\"e-con-inner\">\n\t\t\t\t<div class=\"elementor-element elementor-element-19a7c0f elementor-widget elementor-widget-text-editor\" data-id=\"19a7c0f\" data-element_type=\"widget\" data-widget_type=\"text-editor.default\">\n\t\t\t\t<div class=\"elementor-widget-container\">\n\t\t\t\t\t\t\t\t\t<p><b>MENTIONS L\u00c9GALES<\/b><\/p><p>\u00a0<\/p><p><span style=\"font-weight: 400;\">Conform\u00e9ment aux dispositions de la loi n\u00b0 2004-575 du 21 juin 2004 pour la confiance en l&rsquo;\u00e9conomie num\u00e9rique, il est pr\u00e9cis\u00e9 aux utilisateurs du site ahc-plomberie l&rsquo;identit\u00e9 des diff\u00e9rents intervenants dans le cadre de sa r\u00e9alisation et de son suivi.<\/span><\/p><p>\u00a0<\/p><p><b>Edition du site\u00a0<\/b><\/p><p>\u00a0<\/p><p><span style=\"font-weight: 400;\">Le pr\u00e9sent site, accessible \u00e0 l\u2019URL https:\/\/ahc-plomberie.fr\/ (le \u00ab Site \u00bb), est \u00e9dit\u00e9 par :<\/span><\/p><p><i><span style=\"font-weight: 400;\"><br \/><\/span><\/i><span style=\"font-weight: 400;\">AHC Plomberie, soci\u00e9t\u00e9 au capital de 2000 euros, inscrite au R.C.S. de LA ROCHELLE sous le num\u00e9ro La Rochelle B 980 597 108, dont le si\u00e8ge social est situ\u00e9 au 53 rue des plantes du moulin 17750 Etaules, repr\u00e9sent\u00e9(e) par Killian Charpentier d\u00fbment habilit\u00e9(e)<\/span><\/p><p>\u00a0<\/p><p><span style=\"font-weight: 400;\">Le num\u00e9ro individuel TVA de l\u2019\u00e9diteur est : FR71980597108.<\/span><\/p><p>\u00a0<\/p><p><b>H\u00e9bergement<\/b><\/p><p><span style=\"font-weight: 400;\"><br \/><\/span><span style=\"font-weight: 400;\">Le Site est h\u00e9berg\u00e9 par la soci\u00e9t\u00e9 OVH SAS, situ\u00e9 2 rue Kellermann &#8211; BP 80157 &#8211; 59053 Roubaix Cedex 1, (contact t\u00e9l\u00e9phonique ou email : 1007).<\/span><\/p><p>\u00a0<\/p><p><b>Directeur de publication\u00a0<\/b><\/p><p><span style=\"font-weight: 400;\"><br \/><\/span><span style=\"font-weight: 400;\">Le Directeur de la publication du Site est Killian Charpentier .<\/span><\/p><p>\u00a0<\/p><p><b>Nous contacter\u00a0<\/b><\/p><p><span style=\"font-weight: 400;\"><br \/><\/span><span style=\"font-weight: 400;\">Par t\u00e9l\u00e9phone\u00a0: +33603569655<\/span><\/p><p><span style=\"font-weight: 400;\">Par email\u00a0: ahcplomberie@gmail.com<\/span><\/p><p><span style=\"font-weight: 400;\">Par courrier\u00a0: 53 rue des plantes du moulin 17750 Etaules<\/span><\/p>\t\t\t\t\t\t\t\t<\/div>\n\t\t\t\t<\/div>\n\t\t\t\t\t<\/div>\n\t\t\t\t<\/div>\n\t\t\t\t<\/div>\n\t\t","protected":false},"excerpt":{"rendered":"<p>Mentions l\u00e9gales MENTIONS L\u00c9GALES \u00a0 Conform\u00e9ment aux dispositions de la loi n\u00b0 2004-575 du 21 juin 2004 pour la confiance en l&rsquo;\u00e9conomie num\u00e9rique, il est pr\u00e9cis\u00e9 aux utilisateurs du site ahc-plomberie l&rsquo;identit\u00e9 des diff\u00e9rents intervenants dans le cadre de sa r\u00e9alisation et de son suivi. \u00a0 Edition du site\u00a0 \u00a0 Le pr\u00e9sent site, accessible \u00e0 [&hellip;]<\/p>\n","protected":false},"author":1,"featured_media":0,"parent":0,"menu_order":0,"comment_status":"closed","ping_status":"closed","template":"elementor_canvas","meta":{"footnotes":""},"class_list":["post-165","page","type-page","status-publish","hentry"],"yoast_head":"<!-- This site is optimized with the Yoast SEO plugin v24.5 - https:\/\/yoast.com\/wordpress\/plugins\/seo\/ -->\n<title>Mentions l\u00e9gales - AHC Plomberie<\/title>\n<meta name=\"robots\" content=\"index, follow, max-snippet:-1, max-image-preview:large, max-video-preview:-1\" \/>\n<link rel=\"canonical\" href=\"https:\/\/ahc-plomberie.fr\/index.php\/mentions-legales\/\" \/>\n<meta property=\"og:locale\" content=\"fr_FR\" \/>\n<meta property=\"og:type\" content=\"article\" \/>\n<meta property=\"og:title\" content=\"Mentions l\u00e9gales - AHC Plomberie\" \/>\n<meta property=\"og:description\" content=\"Mentions l\u00e9gales MENTIONS L\u00c9GALES \u00a0 Conform\u00e9ment aux dispositions de la loi n\u00b0 2004-575 du 21 juin 2004 pour la confiance en l&rsquo;\u00e9conomie num\u00e9rique, il est pr\u00e9cis\u00e9 aux utilisateurs du site ahc-plomberie l&rsquo;identit\u00e9 des diff\u00e9rents intervenants dans le cadre de sa r\u00e9alisation et de son suivi. \u00a0 Edition du site\u00a0 \u00a0 Le pr\u00e9sent site, accessible \u00e0 [&hellip;]\" \/>\n<meta property=\"og:url\" content=\"https:\/\/ahc-plomberie.fr\/index.php\/mentions-legales\/\" \/>\n<meta property=\"og:site_name\" content=\"AHC Plomberie\" \/>\n<meta property=\"article:publisher\" content=\"https:\/\/www.facebook.com\/profile.php?id=100089229375206\" \/>\n<meta property=\"article:modified_time\" content=\"2024-05-15T14:52:05+00:00\" \/>\n<meta name=\"twitter:card\" content=\"summary_large_image\" \/>\n<meta name=\"twitter:label1\" content=\"Dur\u00e9e de lecture estim\u00e9e\" \/>\n\t<meta name=\"twitter:data1\" content=\"1 minute\" \/>\n<script type=\"application\/ld+json\" class=\"yoast-schema-graph\">{\"@context\":\"https:\/\/schema.org\",\"@graph\":[{\"@type\":\"WebPage\",\"@id\":\"https:\/\/ahc-plomberie.fr\/index.php\/mentions-legales\/\",\"url\":\"https:\/\/ahc-plomberie.fr\/index.php\/mentions-legales\/\",\"name\":\"Mentions l\u00e9gales - AHC Plomberie\",\"isPartOf\":{\"@id\":\"https:\/\/ahc-plomberie.fr\/#website\"},\"datePublished\":\"2024-05-15T14:51:15+00:00\",\"dateModified\":\"2024-05-15T14:52:05+00:00\",\"breadcrumb\":{\"@id\":\"https:\/\/ahc-plomberie.fr\/index.php\/mentions-legales\/#breadcrumb\"},\"inLanguage\":\"fr-FR\",\"potentialAction\":[{\"@type\":\"ReadAction\",\"target\":[\"https:\/\/ahc-plomberie.fr\/index.php\/mentions-legales\/\"]}]},{\"@type\":\"BreadcrumbList\",\"@id\":\"https:\/\/ahc-plomberie.fr\/index.php\/mentions-legales\/#breadcrumb\",\"itemListElement\":[{\"@type\":\"ListItem\",\"position\":1,\"name\":\"Accueil\",\"item\":\"https:\/\/ahc-plomberie.fr\/\"},{\"@type\":\"ListItem\",\"position\":2,\"name\":\"Mentions l\u00e9gales\"}]},{\"@type\":\"WebSite\",\"@id\":\"https:\/\/ahc-plomberie.fr\/#website\",\"url\":\"https:\/\/ahc-plomberie.fr\/\",\"name\":\"AHC Plomberie\",\"description\":\"Votre sp\u00e9cialiste plomberie et chauffage.\",\"publisher\":{\"@id\":\"https:\/\/ahc-plomberie.fr\/#organization\"},\"potentialAction\":[{\"@type\":\"SearchAction\",\"target\":{\"@type\":\"EntryPoint\",\"urlTemplate\":\"https:\/\/ahc-plomberie.fr\/?s={search_term_string}\"},\"query-input\":{\"@type\":\"PropertyValueSpecification\",\"valueRequired\":true,\"valueName\":\"search_term_string\"}}],\"inLanguage\":\"fr-FR\"},{\"@type\":\"Organization\",\"@id\":\"https:\/\/ahc-plomberie.fr\/#organization\",\"name\":\"AHC Plomberie\",\"url\":\"https:\/\/ahc-plomberie.fr\/\",\"logo\":{\"@type\":\"ImageObject\",\"inLanguage\":\"fr-FR\",\"@id\":\"https:\/\/ahc-plomberie.fr\/#\/schema\/logo\/image\/\",\"url\":\"https:\/\/ahc-plomberie.fr\/wp-content\/uploads\/2024\/05\/logo.png\",\"contentUrl\":\"https:\/\/ahc-plomberie.fr\/wp-content\/uploads\/2024\/05\/logo.png\",\"width\":860,\"height\":713,\"caption\":\"AHC Plomberie\"},\"image\":{\"@id\":\"https:\/\/ahc-plomberie.fr\/#\/schema\/logo\/image\/\"},\"sameAs\":[\"https:\/\/www.facebook.com\/profile.php?id=100089229375206\"]}]}<\/script>\n<!-- \/ Yoast SEO plugin. -->","yoast_head_json":{"title":"Mentions l\u00e9gales - AHC Plomberie","robots":{"index":"index","follow":"follow","max-snippet":"max-snippet:-1","max-image-preview":"max-image-preview:large","max-video-preview":"max-video-preview:-1"},"canonical":"https:\/\/ahc-plomberie.fr\/index.php\/mentions-legales\/","og_locale":"fr_FR","og_type":"article","og_title":"Mentions l\u00e9gales - AHC Plomberie","og_description":"Mentions l\u00e9gales MENTIONS L\u00c9GALES \u00a0 Conform\u00e9ment aux dispositions de la loi n\u00b0 2004-575 du 21 juin 2004 pour la confiance en l&rsquo;\u00e9conomie num\u00e9rique, il est pr\u00e9cis\u00e9 aux utilisateurs du site ahc-plomberie l&rsquo;identit\u00e9 des diff\u00e9rents intervenants dans le cadre de sa r\u00e9alisation et de son suivi. \u00a0 Edition du site\u00a0 \u00a0 Le pr\u00e9sent site, accessible \u00e0 [&hellip;]","og_url":"https:\/\/ahc-plomberie.fr\/index.php\/mentions-legales\/","og_site_name":"AHC Plomberie","article_publisher":"https:\/\/www.facebook.com\/profile.php?id=100089229375206","article_modified_time":"2024-05-15T14:52:05+00:00","twitter_card":"summary_large_image","twitter_misc":{"Dur\u00e9e de lecture estim\u00e9e":"1 minute"},"schema":{"@context":"https:\/\/schema.org","@graph":[{"@type":"WebPage","@id":"https:\/\/ahc-plomberie.fr\/index.php\/mentions-legales\/","url":"https:\/\/ahc-plomberie.fr\/index.php\/mentions-legales\/","name":"Mentions l\u00e9gales - AHC Plomberie","isPartOf":{"@id":"https:\/\/ahc-plomberie.fr\/#website"},"datePublished":"2024-05-15T14:51:15+00:00","dateModified":"2024-05-15T14:52:05+00:00","breadcrumb":{"@id":"https:\/\/ahc-plomberie.fr\/index.php\/mentions-legales\/#breadcrumb"},"inLanguage":"fr-FR","potentialAction":[{"@type":"ReadAction","target":["https:\/\/ahc-plomberie.fr\/index.php\/mentions-legales\/"]}]},{"@type":"BreadcrumbList","@id":"https:\/\/ahc-plomberie.fr\/index.php\/mentions-legales\/#breadcrumb","itemListElement":[{"@type":"ListItem","position":1,"name":"Accueil","item":"https:\/\/ahc-plomberie.fr\/"},{"@type":"ListItem","position":2,"name":"Mentions l\u00e9gales"}]},{"@type":"WebSite","@id":"https:\/\/ahc-plomberie.fr\/#website","url":"https:\/\/ahc-plomberie.fr\/","name":"AHC Plomberie","description":"Votre sp\u00e9cialiste plomberie et chauffage.","publisher":{"@id":"https:\/\/ahc-plomberie.fr\/#organization"},"potentialAction":[{"@type":"SearchAction","target":{"@type":"EntryPoint","urlTemplate":"https:\/\/ahc-plomberie.fr\/?s={search_term_string}"},"query-input":{"@type":"PropertyValueSpecification","valueRequired":true,"valueName":"search_term_string"}}],"inLanguage":"fr-FR"},{"@type":"Organization","@id":"https:\/\/ahc-plomberie.fr\/#organization","name":"AHC Plomberie","url":"https:\/\/ahc-plomberie.fr\/","logo":{"@type":"ImageObject","inLanguage":"fr-FR","@id":"https:\/\/ahc-plomberie.fr\/#\/schema\/logo\/image\/","url":"https:\/\/ahc-plomberie.fr\/wp-content\/uploads\/2024\/05\/logo.png","contentUrl":"https:\/\/ahc-plomberie.fr\/wp-content\/uploads\/2024\/05\/logo.png","width":860,"height":713,"caption":"AHC Plomberie"},"image":{"@id":"https:\/\/ahc-plomberie.fr\/#\/schema\/logo\/image\/"},"sameAs":["https:\/\/www.facebook.com\/profile.php?id=100089229375206"]}]}},"_links":{"self":[{"href":"https:\/\/ahc-plomberie.fr\/index.php\/wp-json\/wp\/v2\/pages\/165","targetHints":{"allow":["GET"]}}],"collection":[{"href":"https:\/\/ahc-plomberie.fr\/index.php\/wp-json\/wp\/v2\/pages"}],"about":[{"href":"https:\/\/ahc-plomberie.fr\/index.php\/wp-json\/wp\/v2\/types\/page"}],"author":[{"embeddable":true,"href":"https:\/\/ahc-plomberie.fr\/index.php\/wp-json\/wp\/v2\/users\/1"}],"replies":[{"embeddable":true,"href":"https:\/\/ahc-plomberie.fr\/index.php\/wp-json\/wp\/v2\/comments?post=165"}],"version-history":[{"count":4,"href":"https:\/\/ahc-plomberie.fr\/index.php\/wp-json\/wp\/v2\/pages\/165\/revisions"}],"predecessor-version":[{"id":169,"href":"https:\/\/ahc-plomberie.fr\/index.php\/wp-json\/wp\/v2\/pages\/165\/revisions\/169"}],"wp:attachment":[{"href":"https:\/\/ahc-plomberie.fr\/index.php\/wp-json\/wp\/v2\/media?parent=165"}],"curies":[{"name":"wp","href":"https:\/\/api.w.org\/{rel}","templated":true}]}}